{"id":691,"date":"2020-06-22T09:07:23","date_gmt":"2020-06-22T07:07:23","guid":{"rendered":"http:\/\/lalley.fr\/?page_id=691"},"modified":"2024-10-18T11:08:21","modified_gmt":"2024-10-18T09:08:21","slug":"cimetieres","status":"publish","type":"page","link":"https:\/\/lalley.fr\/index.php\/cimetieres\/","title":{"rendered":"Cimeti\u00e8res"},"content":{"rendered":"\t\t<div data-elementor-type=\"wp-page\" data-elementor-id=\"691\" class=\"elementor elementor-691\" data-elementor-settings=\"[]\">\n\t\t\t\t\t\t<div class=\"elementor-inner\">\n\t\t\t\t\t\t\t<div class=\"elementor-section-wrap\">\n\t\t\t\t\t\t\t<section class=\"elementor-section elementor-top-section elementor-element elementor-element-7c604dc elementor-section-boxed elementor-section-height-default elementor-section-height-default\" data-id=\"7c604dc\" data-element_type=\"section\">\n\t\t\t\t\t\t<div class=\"elementor-container elementor-column-gap-default\">\n\t\t\t\t\t\t\t<div class=\"elementor-row\">\n\t\t\t\t\t<div class=\"elementor-column elementor-col-100 elementor-top-column elementor-element elementor-element-0b9557a\" data-id=\"0b9557a\" data-element_type=\"column\">\n\t\t\t<div class=\"elementor-column-wrap elementor-element-populated\">\n\t\t\t\t\t\t\t<div class=\"elementor-widget-wrap\">\n\t\t\t\t\t\t<div class=\"elementor-element elementor-element-66476e2 elementor-widget elementor-widget-heading\" data-id=\"66476e2\" data-element_type=\"widget\" data-widget_type=\"heading.default\">\n\t\t\t\t<div class=\"elementor-widget-container\">\n\t\t\t<h2 class=\"elementor-heading-title elementor-size-large\">CIMETIERES<\/h2>\t\t<\/div>\n\t\t\t\t<\/div>\n\t\t\t\t<div class=\"elementor-element elementor-element-7848082 elementor-widget-divider--view-line elementor-widget elementor-widget-divider\" data-id=\"7848082\" data-element_type=\"widget\" data-widget_type=\"divider.default\">\n\t\t\t\t<div class=\"elementor-widget-container\">\n\t\t\t\t\t<div class=\"elementor-divider\">\n\t\t\t<span class=\"elementor-divider-separator\">\n\t\t\t\t\t\t<\/span>\n\t\t<\/div>\n\t\t\t\t<\/div>\n\t\t\t\t<\/div>\n\t\t\t\t\t\t<\/div>\n\t\t\t\t\t<\/div>\n\t\t<\/div>\n\t\t\t\t\t\t\t\t<\/div>\n\t\t\t\t\t<\/div>\n\t\t<\/section>\n\t\t\t\t<section class=\"elementor-section elementor-top-section elementor-element elementor-element-5aefc2b elementor-section-boxed elementor-section-height-default elementor-section-height-default\" data-id=\"5aefc2b\" data-element_type=\"section\">\n\t\t\t\t\t\t<div class=\"elementor-container elementor-column-gap-default\">\n\t\t\t\t\t\t\t<div class=\"elementor-row\">\n\t\t\t\t\t<div class=\"elementor-column elementor-col-50 elementor-top-column elementor-element elementor-element-5b358ca\" data-id=\"5b358ca\" data-element_type=\"column\">\n\t\t\t<div class=\"elementor-column-wrap elementor-element-populated\">\n\t\t\t\t\t\t\t<div class=\"elementor-widget-wrap\">\n\t\t\t\t\t\t<div class=\"elementor-element elementor-element-bdafe05 elementor-widget elementor-widget-heading\" data-id=\"bdafe05\" data-element_type=\"widget\" data-widget_type=\"heading.default\">\n\t\t\t\t<div class=\"elementor-widget-container\">\n\t\t\t<h2 class=\"elementor-heading-title elementor-size-default\">R\u00e8glement int\u00e9rieur<\/h2>\t\t<\/div>\n\t\t\t\t<\/div>\n\t\t\t\t<div class=\"elementor-element elementor-element-6f9ee38 elementor-invisible elementor-widget elementor-widget-image\" data-id=\"6f9ee38\" data-element_type=\"widget\" data-settings=\"{&quot;_animation&quot;:&quot;fadeIn&quot;}\" data-widget_type=\"image.default\">\n\t\t\t\t<div class=\"elementor-widget-container\">\n\t\t\t\t\t\t\t\t<div class=\"elementor-image\">\n\t\t\t\t\t\t\t\t\t\t\t\t\t<a href=\"http:\/\/lalley.fr\/wp-content\/uploads\/2021\/02\/Cimetiere_reglement_2021.02.pdf\">\n\t\t\t\t\t\t\t<img width=\"627\" height=\"844\" src=\"https:\/\/lalley.fr\/wp-content\/uploads\/2021\/02\/2021-02-16_Reglement_Cimetieres.jpg\" class=\"elementor-animation-grow attachment-large size-large\" alt=\"\" loading=\"lazy\" srcset=\"https:\/\/lalley.fr\/wp-content\/uploads\/2021\/02\/2021-02-16_Reglement_Cimetieres.jpg 627w, https:\/\/lalley.fr\/wp-content\/uploads\/2021\/02\/2021-02-16_Reglement_Cimetieres-223x300.jpg 223w\" sizes=\"(max-width: 627px) 100vw, 627px\" \/>\t\t\t\t\t\t\t\t<\/a>\n\t\t\t\t\t\t\t\t\t\t\t\t\t\t<\/div>\n\t\t\t\t\t\t<\/div>\n\t\t\t\t<\/div>\n\t\t\t\t\t\t<\/div>\n\t\t\t\t\t<\/div>\n\t\t<\/div>\n\t\t\t\t<div class=\"elementor-column elementor-col-50 elementor-top-column elementor-element elementor-element-a4b8134\" data-id=\"a4b8134\" data-element_type=\"column\">\n\t\t\t<div class=\"elementor-column-wrap elementor-element-populated\">\n\t\t\t\t\t\t\t<div class=\"elementor-widget-wrap\">\n\t\t\t\t\t\t<div class=\"elementor-element elementor-element-294ba82 elementor-widget elementor-widget-heading\" data-id=\"294ba82\" data-element_type=\"widget\" data-widget_type=\"heading.default\">\n\t\t\t\t<div class=\"elementor-widget-container\">\n\t\t\t<h2 class=\"elementor-heading-title elementor-size-default\">Photos<\/h2>\t\t<\/div>\n\t\t\t\t<\/div>\n\t\t\t\t<div class=\"elementor-element elementor-element-4e7618d elementor-widget elementor-widget-gallery\" data-id=\"4e7618d\" data-element_type=\"widget\" data-settings=\"{&quot;columns&quot;:3,&quot;lazyload&quot;:&quot;yes&quot;,&quot;gallery_layout&quot;:&quot;grid&quot;,&quot;columns_tablet&quot;:2,&quot;columns_mobile&quot;:1,&quot;gap&quot;:{&quot;unit&quot;:&quot;px&quot;,&quot;size&quot;:10,&quot;sizes&quot;:[]},&quot;gap_tablet&quot;:{&quot;unit&quot;:&quot;px&quot;,&quot;size&quot;:10,&quot;sizes&quot;:[]},&quot;gap_mobile&quot;:{&quot;unit&quot;:&quot;px&quot;,&quot;size&quot;:10,&quot;sizes&quot;:[]},&quot;link_to&quot;:&quot;file&quot;,&quot;aspect_ratio&quot;:&quot;3:2&quot;,&quot;overlay_background&quot;:&quot;yes&quot;,&quot;content_hover_animation&quot;:&quot;fade-in&quot;}\" data-widget_type=\"gallery.default\">\n\t\t\t\t<div class=\"elementor-widget-container\">\n\t\t\t\t\t<div class=\"elementor-gallery__container\">\n\t\t\t\t\t\t\t<a class=\"e-gallery-item elementor-gallery-item elementor-animated-content\" href=\"https:\/\/lalley.fr\/wp-content\/uploads\/2020\/12\/Cimetiere_de_Chantelouve-scaled.jpg\" data-elementor-open-lightbox=\"yes\" data-elementor-lightbox-slideshow=\"all-4e7618d\" data-elementor-lightbox-title=\"Cimeti\u00e8re de Chantelouve\">\n\t\t\t\t\t<div class=\"e-gallery-image elementor-gallery-item__image\" data-thumbnail=\"https:\/\/lalley.fr\/wp-content\/uploads\/2020\/12\/Cimetiere_de_Chantelouve-scaled.jpg\" data-width=\"2560\" data-height=\"1936\" alt=\"Cimeti\u00e8re de Chantelouve\" ><\/div>\n\t\t\t\t\t\t\t\t\t\t<div class=\"elementor-gallery-item__overlay\"><\/div>\n\t\t\t\t\t\t\t\t\t\t\t\t\t\t<\/a>\n\t\t\t\t\t\t\t<a class=\"e-gallery-item elementor-gallery-item elementor-animated-content\" href=\"https:\/\/lalley.fr\/wp-content\/uploads\/2020\/12\/Cimetiere_de_Montlaud-scaled.jpg\" data-elementor-open-lightbox=\"yes\" data-elementor-lightbox-slideshow=\"all-4e7618d\" data-elementor-lightbox-title=\"Cimeti\u00e8re de Montlaud\">\n\t\t\t\t\t<div class=\"e-gallery-image elementor-gallery-item__image\" data-thumbnail=\"https:\/\/lalley.fr\/wp-content\/uploads\/2020\/12\/Cimetiere_de_Montlaud-scaled.jpg\" data-width=\"2560\" data-height=\"1297\" alt=\"Cimeti\u00e8re de Montlaud\" ><\/div>\n\t\t\t\t\t\t\t\t\t\t<div class=\"elementor-gallery-item__overlay\"><\/div>\n\t\t\t\t\t\t\t\t\t\t\t\t\t\t<\/a>\n\t\t\t\t\t\t\t<a class=\"e-gallery-item elementor-gallery-item elementor-animated-content\" href=\"https:\/\/lalley.fr\/wp-content\/uploads\/2020\/12\/Cimetiere_d_Avers-scaled.jpg\" data-elementor-open-lightbox=\"yes\" data-elementor-lightbox-slideshow=\"all-4e7618d\" data-elementor-lightbox-title=\"Cimeti\u00e8re d&#039;Avers\">\n\t\t\t\t\t<div class=\"e-gallery-image elementor-gallery-item__image\" data-thumbnail=\"https:\/\/lalley.fr\/wp-content\/uploads\/2020\/12\/Cimetiere_d_Avers-scaled.jpg\" data-width=\"2560\" data-height=\"2460\" alt=\"Cimeti\u00e8re d&#039;Avers\" ><\/div>\n\t\t\t\t\t\t\t\t\t\t<div class=\"elementor-gallery-item__overlay\"><\/div>\n\t\t\t\t\t\t\t\t\t\t\t\t\t\t<\/a>\n\t\t\t\t\t<\/div>\n\t\t\t<\/div>\n\t\t\t\t<\/div>\n\t\t\t\t<div class=\"elementor-element elementor-element-fa89c57 elementor-widget-divider--view-line elementor-widget elementor-widget-divider\" data-id=\"fa89c57\" data-element_type=\"widget\" data-widget_type=\"divider.default\">\n\t\t\t\t<div class=\"elementor-widget-container\">\n\t\t\t\t\t<div class=\"elementor-divider\">\n\t\t\t<span class=\"elementor-divider-separator\">\n\t\t\t\t\t\t<\/span>\n\t\t<\/div>\n\t\t\t\t<\/div>\n\t\t\t\t<\/div>\n\t\t\t\t<div class=\"elementor-element elementor-element-ed4da6f elementor-widget elementor-widget-heading\" data-id=\"ed4da6f\" data-element_type=\"widget\" data-widget_type=\"heading.default\">\n\t\t\t\t<div class=\"elementor-widget-container\">\n\t\t\t<h2 class=\"elementor-heading-title elementor-size-default\">Reprises de Concessions<\/h2>\t\t<\/div>\n\t\t\t\t<\/div>\n\t\t\t\t<div class=\"elementor-element elementor-element-0856a82 elementor-widget elementor-widget-gallery\" data-id=\"0856a82\" data-element_type=\"widget\" data-settings=\"{&quot;columns&quot;:3,&quot;aspect_ratio&quot;:&quot;1:1&quot;,&quot;lazyload&quot;:&quot;yes&quot;,&quot;gallery_layout&quot;:&quot;grid&quot;,&quot;columns_tablet&quot;:2,&quot;columns_mobile&quot;:1,&quot;gap&quot;:{&quot;unit&quot;:&quot;px&quot;,&quot;size&quot;:10,&quot;sizes&quot;:[]},&quot;gap_tablet&quot;:{&quot;unit&quot;:&quot;px&quot;,&quot;size&quot;:10,&quot;sizes&quot;:[]},&quot;gap_mobile&quot;:{&quot;unit&quot;:&quot;px&quot;,&quot;size&quot;:10,&quot;sizes&quot;:[]},&quot;link_to&quot;:&quot;file&quot;,&quot;overlay_background&quot;:&quot;yes&quot;,&quot;content_hover_animation&quot;:&quot;fade-in&quot;}\" data-widget_type=\"gallery.default\">\n\t\t\t\t<div class=\"elementor-widget-container\">\n\t\t\t\t\t<div class=\"elementor-gallery__container\">\n\t\t\t\t\t\t\t<a class=\"e-gallery-item elementor-gallery-item elementor-animated-content\" href=\"https:\/\/lalley.fr\/wp-content\/uploads\/2020\/06\/Cimetiere_Avis_du_Maire_2016.06.03-scaled.jpg\" data-elementor-open-lightbox=\"yes\" data-elementor-lightbox-slideshow=\"all-0856a82\" data-elementor-lightbox-title=\"Avis du Maire du 3 juin 2016\" data-elementor-lightbox-description=\"Proc\u00e9dure de reprise des concessions fun\u00e9raires en \u00e9tat d&#039;abandon\">\n\t\t\t\t\t<div class=\"e-gallery-image elementor-gallery-item__image\" data-thumbnail=\"https:\/\/lalley.fr\/wp-content\/uploads\/2020\/06\/Cimetiere_Avis_du_Maire_2016.06.03-225x300.jpg\" data-width=\"225\" data-height=\"300\" alt=\"Avis du Maire du 3 juin 2016\" ><\/div>\n\t\t\t\t\t\t\t\t\t\t<div class=\"elementor-gallery-item__overlay\"><\/div>\n\t\t\t\t\t\t\t\t\t\t\t\t\t\t<\/a>\n\t\t\t\t\t\t\t<a class=\"e-gallery-item elementor-gallery-item elementor-animated-content\" href=\"https:\/\/lalley.fr\/wp-content\/uploads\/2020\/06\/Cimetiere_Avis_du_Maire_2016.07.25-scaled.jpg\" data-elementor-open-lightbox=\"yes\" data-elementor-lightbox-slideshow=\"all-0856a82\" data-elementor-lightbox-title=\"Avis du Maire du 25 juillet 2016\" data-elementor-lightbox-description=\"Proc\u00e8s Verbal constatant l&#039;\u00e9tat d&#039;abandon de concessions\">\n\t\t\t\t\t<div class=\"e-gallery-image elementor-gallery-item__image\" data-thumbnail=\"https:\/\/lalley.fr\/wp-content\/uploads\/2020\/06\/Cimetiere_Avis_du_Maire_2016.07.25-225x300.jpg\" data-width=\"225\" data-height=\"300\" alt=\"Avis du Maire du 25 juillet 2016\" ><\/div>\n\t\t\t\t\t\t\t\t\t\t<div class=\"elementor-gallery-item__overlay\"><\/div>\n\t\t\t\t\t\t\t\t\t\t\t\t\t\t<\/a>\n\t\t\t\t\t\t\t<a class=\"e-gallery-item elementor-gallery-item elementor-animated-content\" href=\"https:\/\/lalley.fr\/wp-content\/uploads\/2020\/06\/Cimetiere_Avis_du_Maire_2016.08.08-scaled.jpg\" data-elementor-open-lightbox=\"yes\" data-elementor-lightbox-slideshow=\"all-0856a82\" data-elementor-lightbox-title=\"Avis du Maire du 8 ao\u00fbt 2016\" data-elementor-lightbox-description=\"Proc\u00e8s Verbal constatant l&#039;\u00e9tat d&#039;abandon de concessions\">\n\t\t\t\t\t<div class=\"e-gallery-image elementor-gallery-item__image\" data-thumbnail=\"https:\/\/lalley.fr\/wp-content\/uploads\/2020\/06\/Cimetiere_Avis_du_Maire_2016.08.08-225x300.jpg\" data-width=\"225\" data-height=\"300\" alt=\"Avis du Maire du 8 ao\u00fbt 2016\" ><\/div>\n\t\t\t\t\t\t\t\t\t\t<div class=\"elementor-gallery-item__overlay\"><\/div>\n\t\t\t\t\t\t\t\t\t\t\t\t\t\t<\/a>\n\t\t\t\t\t\t\t<a class=\"e-gallery-item elementor-gallery-item elementor-animated-content\" href=\"https:\/\/lalley.fr\/wp-content\/uploads\/2020\/06\/Cimetiere_Avis_du_Maire_2016.08.22-scaled.jpg\" data-elementor-open-lightbox=\"yes\" data-elementor-lightbox-slideshow=\"all-0856a82\" data-elementor-lightbox-title=\"Avis du Maire du 22 ao\u00fbt 2016\" data-elementor-lightbox-description=\"Proc\u00e8s Verbal constatant l&#039;\u00e9tat d&#039;abandon de concessions\">\n\t\t\t\t\t<div class=\"e-gallery-image elementor-gallery-item__image\" data-thumbnail=\"https:\/\/lalley.fr\/wp-content\/uploads\/2020\/06\/Cimetiere_Avis_du_Maire_2016.08.22-225x300.jpg\" data-width=\"225\" data-height=\"300\" alt=\"Avis du Maire du 22 ao\u00fbt 2016\" ><\/div>\n\t\t\t\t\t\t\t\t\t\t<div class=\"elementor-gallery-item__overlay\"><\/div>\n\t\t\t\t\t\t\t\t\t\t\t\t\t\t<\/a>\n\t\t\t\t\t\t\t<a class=\"e-gallery-item elementor-gallery-item elementor-animated-content\" href=\"https:\/\/lalley.fr\/wp-content\/uploads\/2020\/06\/Cimetiere_Avis_du_Maire_2019.jpg\" data-elementor-open-lightbox=\"yes\" data-elementor-lightbox-slideshow=\"all-0856a82\" data-elementor-lightbox-title=\"Avis du Maire du 20 juillet 2019\" data-elementor-lightbox-description=\"Proc\u00e9dure de reprise des concessions fun\u00e9raires en \u00e9tat d&#039;abandon\">\n\t\t\t\t\t<div class=\"e-gallery-image elementor-gallery-item__image\" data-thumbnail=\"https:\/\/lalley.fr\/wp-content\/uploads\/2020\/06\/Cimetiere_Avis_du_Maire_2019-207x300.jpg\" data-width=\"207\" data-height=\"300\" alt=\"\" ><\/div>\n\t\t\t\t\t\t\t\t\t\t<div class=\"elementor-gallery-item__overlay\"><\/div>\n\t\t\t\t\t\t\t\t\t\t\t\t\t\t<\/a>\n\t\t\t\t\t\t\t<a class=\"e-gallery-item elementor-gallery-item elementor-animated-content\" href=\"https:\/\/lalley.fr\/wp-content\/uploads\/2024\/10\/009-reprise-des-concessions-perpetuelles-1-pdf.jpg\" data-elementor-open-lightbox=\"yes\" data-elementor-lightbox-slideshow=\"all-0856a82\" data-elementor-lightbox-title=\"009 reprise des concessions perp\u00e9tuelles\">\n\t\t\t\t\t<div class=\"e-gallery-image elementor-gallery-item__image\" data-thumbnail=\"https:\/\/lalley.fr\/wp-content\/uploads\/2024\/10\/009-reprise-des-concessions-perpetuelles-1-pdf-212x300.jpg\" data-width=\"212\" data-height=\"300\" alt=\"\" ><\/div>\n\t\t\t\t\t\t\t\t\t\t<div class=\"elementor-gallery-item__overlay\"><\/div>\n\t\t\t\t\t\t\t\t\t\t\t\t\t\t<\/a>\n\t\t\t\t\t<\/div>\n\t\t\t<\/div>\n\t\t\t\t<\/div>\n\t\t\t\t\t\t<\/div>\n\t\t\t\t\t<\/div>\n\t\t<\/div>\n\t\t\t\t\t\t\t\t<\/div>\n\t\t\t\t\t<\/div>\n\t\t<\/section>\n\t\t\t\t\t\t<\/div>\n\t\t\t\t\t\t<\/div>\n\t\t\t\t\t<\/div>\n\t\t","protected":false},"excerpt":{"rendered":"<p>CIMETIERES R\u00e8glement int\u00e9rieur Photos Reprises de Concessions<\/p>\n","protected":false},"author":3,"featured_media":0,"parent":0,"menu_order":0,"comment_status":"closed","ping_status":"closed","template":"","meta":[],"_links":{"self":[{"href":"https:\/\/lalley.fr\/index.php\/wp-json\/wp\/v2\/pages\/691"}],"collection":[{"href":"https:\/\/lalley.fr\/index.php\/wp-json\/wp\/v2\/pages"}],"about":[{"href":"https:\/\/lalley.fr\/index.php\/wp-json\/wp\/v2\/types\/page"}],"author":[{"embeddable":true,"href":"https:\/\/lalley.fr\/index.php\/wp-json\/wp\/v2\/users\/3"}],"replies":[{"embeddable":true,"href":"https:\/\/lalley.fr\/index.php\/wp-json\/wp\/v2\/comments?post=691"}],"version-history":[{"count":35,"href":"https:\/\/lalley.fr\/index.php\/wp-json\/wp\/v2\/pages\/691\/revisions"}],"predecessor-version":[{"id":6762,"href":"https:\/\/lalley.fr\/index.php\/wp-json\/wp\/v2\/pages\/691\/revisions\/6762"}],"wp:attachment":[{"href":"https:\/\/lalley.fr\/index.php\/wp-json\/wp\/v2\/media?parent=691"}],"curies":[{"name":"wp","href":"https:\/\/api.w.org\/{rel}","templated":true}]}}