{"id":3635,"date":"2021-05-27T17:12:20","date_gmt":"2021-05-27T15:12:20","guid":{"rendered":"https:\/\/lalley.fr\/?page_id=3635"},"modified":"2021-05-27T17:12:42","modified_gmt":"2021-05-27T15:12:42","slug":"offre-demploi-admr-de-mens","status":"publish","type":"page","link":"https:\/\/lalley.fr\/index.php\/offre-demploi-admr-de-mens\/","title":{"rendered":"Offre d&#8217;emploi ADMR de Mens"},"content":{"rendered":"\t\t<div data-elementor-type=\"wp-page\" data-elementor-id=\"3635\" class=\"elementor elementor-3635\" data-elementor-settings=\"[]\">\n\t\t\t\t\t\t<div class=\"elementor-inner\">\n\t\t\t\t\t\t\t<div class=\"elementor-section-wrap\">\n\t\t\t\t\t\t\t<section class=\"elementor-section elementor-top-section elementor-element elementor-element-6fae883 elementor-section-boxed elementor-section-height-default elementor-section-height-default\" data-id=\"6fae883\" data-element_type=\"section\">\n\t\t\t\t\t\t<div class=\"elementor-container elementor-column-gap-default\">\n\t\t\t\t\t\t\t<div class=\"elementor-row\">\n\t\t\t\t\t<div class=\"elementor-column elementor-col-100 elementor-top-column elementor-element elementor-element-5bc627c\" data-id=\"5bc627c\" data-element_type=\"column\">\n\t\t\t<div class=\"elementor-column-wrap elementor-element-populated\">\n\t\t\t\t\t\t\t<div class=\"elementor-widget-wrap\">\n\t\t\t\t\t\t<div class=\"elementor-element elementor-element-22be002 elementor-widget elementor-widget-text-editor\" data-id=\"22be002\" data-element_type=\"widget\" data-widget_type=\"text-editor.default\">\n\t\t\t\t<div class=\"elementor-widget-container\">\n\t\t\t\t\t\t\t\t<div class=\"elementor-text-editor elementor-clearfix\">\n\t\t\t\t<p class=\"v1msonormal\" style=\"margin: 0cm; background: white;\"><span style=\"font-size: 11.0pt; font-family: 'Calibri',sans-serif; color: #333333;\">L&rsquo;ADMR de Mens recherche des Aides \u00e0 domicile et ou Auxiliaires de vie (homme ou femme)\u00a0 \u00e0 temps partiel ou complet en CDD ou CDI.\u00a0<\/span><\/p><p class=\"v1msonormal\" style=\"margin: 0cm; background: white;\"><span style=\"font-size: 11.0pt; font-family: 'Calibri',sans-serif; color: #333333;\">Le travail demande des comp\u00e9tences pour la r\u00e9alisation de nombreuses et diverses activit\u00e9s relevant de la vie quotidienne mais aussi dans l&rsquo;accompagnement des activit\u00e9s de loisirs et de la vie sociale. (Entretien au logement, aide \u00e0 la pr\u00e9paration et \u00e0 la prise de repas, accompagnement social, aux courses, aide \u00e0 la toilette pour les plus comp\u00e9tent.e.s).<\/span><\/p><p class=\"v1msonormal\" style=\"margin: 0cm; background: white;\"><span style=\"font-size: 11.0pt; font-family: 'Calibri',sans-serif; color: #333333;\">Si vous \u00eates int\u00e9ress\u00e9 (e)s, vous pouvez envoyer votre candidature \u00e0 : ADMR de Mens 3 avenue Jean Ripert 38710 Mens par courriel :\u00a0<a href=\"mailto:admrmens@fede38.admr.org\">admrmens@fede38.admr.org<\/a><\/span><\/p><p class=\"v1msonormal\" style=\"margin: 0cm; background: white;\"><span style=\"font-size: 11.0pt; font-family: 'Calibri',sans-serif; color: #333333;\">ou par t\u00e9l\u00e9phone au 0476346667<\/span><\/p><p class=\"v1msonormal\" style=\"margin: 0cm; background: white;\"><span style=\"font-size: 11.0pt; font-family: 'Calibri',sans-serif; color: #333333;\">\u00a0<\/span><\/p><p class=\"v1msonormal\" style=\"margin: 0cm; background: white;\"><span style=\"font-size: 11.0pt; font-family: 'Calibri',sans-serif; color: #333333;\">Voiture+Permis B obligatoire.<\/span><\/p><p class=\"v1msonormal\" style=\"margin: 0cm; background: white;\"><span style=\"font-size: 11.0pt; font-family: 'Calibri',sans-serif; color: #333333;\">Pas de dipl\u00f4me exig\u00e9.<\/span><\/p>\t\t\t\t\t<\/div>\n\t\t\t\t\t\t<\/div>\n\t\t\t\t<\/div>\n\t\t\t\t\t\t<\/div>\n\t\t\t\t\t<\/div>\n\t\t<\/div>\n\t\t\t\t\t\t\t\t<\/div>\n\t\t\t\t\t<\/div>\n\t\t<\/section>\n\t\t\t\t\t\t<\/div>\n\t\t\t\t\t\t<\/div>\n\t\t\t\t\t<\/div>\n\t\t","protected":false},"excerpt":{"rendered":"<p>L&rsquo;ADMR de Mens recherche des Aides \u00e0 domicile et ou Auxiliaires de vie (homme ou femme)&nbsp; \u00e0 temps partiel ou complet en CDD ou CDI.&nbsp; Le travail demande des comp\u00e9tences pour la r\u00e9alisation de nombreuses et diverses activit\u00e9s relevant de la vie quotidienne mais aussi dans l&rsquo;accompagnement des activit\u00e9s de loisirs et de la vie [&hellip;]<\/p>\n","protected":false},"author":3,"featured_media":0,"parent":0,"menu_order":0,"comment_status":"closed","ping_status":"closed","template":"","meta":[],"_links":{"self":[{"href":"https:\/\/lalley.fr\/index.php\/wp-json\/wp\/v2\/pages\/3635"}],"collection":[{"href":"https:\/\/lalley.fr\/index.php\/wp-json\/wp\/v2\/pages"}],"about":[{"href":"https:\/\/lalley.fr\/index.php\/wp-json\/wp\/v2\/types\/page"}],"author":[{"embeddable":true,"href":"https:\/\/lalley.fr\/index.php\/wp-json\/wp\/v2\/users\/3"}],"replies":[{"embeddable":true,"href":"https:\/\/lalley.fr\/index.php\/wp-json\/wp\/v2\/comments?post=3635"}],"version-history":[{"count":8,"href":"https:\/\/lalley.fr\/index.php\/wp-json\/wp\/v2\/pages\/3635\/revisions"}],"predecessor-version":[{"id":3643,"href":"https:\/\/lalley.fr\/index.php\/wp-json\/wp\/v2\/pages\/3635\/revisions\/3643"}],"wp:attachment":[{"href":"https:\/\/lalley.fr\/index.php\/wp-json\/wp\/v2\/media?parent=3635"}],"curies":[{"name":"wp","href":"https:\/\/api.w.org\/{rel}","templated":true}]}}