{"id":3315,"date":"2021-04-13T17:01:54","date_gmt":"2021-04-13T15:01:54","guid":{"rendered":"https:\/\/lalley.fr\/?page_id=3315"},"modified":"2026-03-27T09:40:26","modified_gmt":"2026-03-27T08:40:26","slug":"offres-d-emploi","status":"publish","type":"page","link":"https:\/\/lalley.fr\/index.php\/offres-d-emploi\/","title":{"rendered":"Offres-d-emploi"},"content":{"rendered":"\t\t<div data-elementor-type=\"wp-page\" data-elementor-id=\"3315\" class=\"elementor elementor-3315\" data-elementor-settings=\"[]\">\n\t\t\t\t\t\t<div class=\"elementor-inner\">\n\t\t\t\t\t\t\t<div class=\"elementor-section-wrap\">\n\t\t\t\t\t\t\t<section class=\"elementor-section elementor-top-section elementor-element elementor-element-fabec08 elementor-section-boxed elementor-section-height-default elementor-section-height-default\" data-id=\"fabec08\" data-element_type=\"section\">\n\t\t\t\t\t\t<div class=\"elementor-container elementor-column-gap-default\">\n\t\t\t\t\t\t\t<div class=\"elementor-row\">\n\t\t\t\t\t<div class=\"elementor-column elementor-col-100 elementor-top-column elementor-element elementor-element-d17562c\" data-id=\"d17562c\" data-element_type=\"column\">\n\t\t\t<div class=\"elementor-column-wrap elementor-element-populated\">\n\t\t\t\t\t\t\t<div class=\"elementor-widget-wrap\">\n\t\t\t\t\t\t<div class=\"elementor-element elementor-element-72a35eb elementor-widget elementor-widget-heading\" data-id=\"72a35eb\" data-element_type=\"widget\" data-widget_type=\"heading.default\">\n\t\t\t\t<div class=\"elementor-widget-container\">\n\t\t\t<h2 class=\"elementor-heading-title elementor-size-default\">OFFRES D'EMPLOI<\/h2>\t\t<\/div>\n\t\t\t\t<\/div>\n\t\t\t\t<div class=\"elementor-element elementor-element-4c211a6 elementor-widget-divider--view-line elementor-widget elementor-widget-divider\" data-id=\"4c211a6\" data-element_type=\"widget\" data-widget_type=\"divider.default\">\n\t\t\t\t<div class=\"elementor-widget-container\">\n\t\t\t\t\t<div class=\"elementor-divider\">\n\t\t\t<span class=\"elementor-divider-separator\">\n\t\t\t\t\t\t<\/span>\n\t\t<\/div>\n\t\t\t\t<\/div>\n\t\t\t\t<\/div>\n\t\t\t\t\t\t<\/div>\n\t\t\t\t\t<\/div>\n\t\t<\/div>\n\t\t\t\t\t\t\t\t<\/div>\n\t\t\t\t\t<\/div>\n\t\t<\/section>\n\t\t\t\t<section class=\"elementor-section elementor-top-section elementor-element elementor-element-b3ddfc5 elementor-section-boxed elementor-section-height-default elementor-section-height-default\" data-id=\"b3ddfc5\" data-element_type=\"section\">\n\t\t\t\t\t\t<div class=\"elementor-container elementor-column-gap-default\">\n\t\t\t\t\t\t\t<div class=\"elementor-row\">\n\t\t\t\t\t<div class=\"elementor-column elementor-col-100 elementor-top-column elementor-element elementor-element-1c84e8a\" data-id=\"1c84e8a\" data-element_type=\"column\">\n\t\t\t<div class=\"elementor-column-wrap elementor-element-populated\">\n\t\t\t\t\t\t\t<div class=\"elementor-widget-wrap\">\n\t\t\t\t\t\t<div class=\"elementor-element elementor-element-36c51c7 elementor-widget elementor-widget-text-editor\" data-id=\"36c51c7\" data-element_type=\"widget\" data-widget_type=\"text-editor.default\">\n\t\t\t\t<div class=\"elementor-widget-container\">\n\t\t\t\t\t\t\t\t<div class=\"elementor-text-editor elementor-clearfix\">\n\t\t\t\t<h4 style=\"text-align: center;\">Offres parues mars 2026<\/h4><h4 style=\"text-align: center;\"><em>Cliquer sur une offre pour en afficher le contenu<\/em><\/h4><h4 style=\"text-align: left;\"><a href=\"http:\/\/lalley.fr\/wp-content\/uploads\/2026\/03\/offre-emploi-Aide-Soignant-2026-04.pdf\">offre emploi Aide Soignant 2026-04<\/a><br \/><a href=\"http:\/\/lalley.fr\/wp-content\/uploads\/2026\/03\/202604_Offre-demploi-agent-technique-gestion-des-dechets-1.pdf\">202604_Offre d&#8217;emploi agent technique gestion des d\u00e9chets (1)<\/a><br \/><a href=\"http:\/\/lalley.fr\/wp-content\/uploads\/2026\/03\/Offre-Agent-de-mediation-Musee-duTrieves.pdf\">Offre Agent de m\u00e9diation Mus\u00e9e duTri\u00e8ves<\/a><br \/><a href=\"http:\/\/lalley.fr\/wp-content\/uploads\/2026\/03\/Offre-Aide-soignante-de-jour-a-100.pdf\">Offre Aide-soignante de jour \u00e0 100%<\/a><br \/><a href=\"http:\/\/lalley.fr\/wp-content\/uploads\/2026\/03\/Offre-demploi-Responsable-de-bibliotheque-MDC.pdf\">Offre d&#8217;emploi Responsable de biblioth\u00e8que MDC<\/a><br \/><a href=\"http:\/\/lalley.fr\/wp-content\/uploads\/2026\/03\/Offre-demploi-responsable-administratif-et-financier-1.pdf\">Offre d&#8217;emploi responsable administratif et financier-1<\/a><br \/><a href=\"http:\/\/lalley.fr\/wp-content\/uploads\/2026\/03\/Recrutement_-agent-technique-territorial-1.docx\">Recrutement_ agent technique territorial (1)<\/a><br \/><br \/><\/h4>\t\t\t\t\t<\/div>\n\t\t\t\t\t\t<\/div>\n\t\t\t\t<\/div>\n\t\t\t\t\t\t<\/div>\n\t\t\t\t\t<\/div>\n\t\t<\/div>\n\t\t\t\t\t\t\t\t<\/div>\n\t\t\t\t\t<\/div>\n\t\t<\/section>\n\t\t\t\t<section class=\"elementor-section elementor-top-section elementor-element elementor-element-85b9efc elementor-section-boxed elementor-section-height-default elementor-section-height-default\" data-id=\"85b9efc\" data-element_type=\"section\">\n\t\t\t\t\t\t<div class=\"elementor-container elementor-column-gap-default\">\n\t\t\t\t\t\t\t<div class=\"elementor-row\">\n\t\t\t\t\t<div class=\"elementor-column elementor-col-100 elementor-top-column elementor-element elementor-element-7700b50\" data-id=\"7700b50\" data-element_type=\"column\">\n\t\t\t<div class=\"elementor-column-wrap elementor-element-populated\">\n\t\t\t\t\t\t\t<div class=\"elementor-widget-wrap\">\n\t\t\t\t\t\t<div class=\"elementor-element elementor-element-577935f elementor-widget elementor-widget-text-editor\" data-id=\"577935f\" data-element_type=\"widget\" data-widget_type=\"text-editor.default\">\n\t\t\t\t<div class=\"elementor-widget-container\">\n\t\t\t\t\t\t\t\t<div class=\"elementor-text-editor elementor-clearfix\">\n\t\t\t\t\t\t\t\t\t<\/div>\n\t\t\t\t\t\t<\/div>\n\t\t\t\t<\/div>\n\t\t\t\t\t\t<\/div>\n\t\t\t\t\t<\/div>\n\t\t<\/div>\n\t\t\t\t\t\t\t\t<\/div>\n\t\t\t\t\t<\/div>\n\t\t<\/section>\n\t\t\t\t\t\t<\/div>\n\t\t\t\t\t\t<\/div>\n\t\t\t\t\t<\/div>\n\t\t","protected":false},"excerpt":{"rendered":"<p>OFFRES D&rsquo;EMPLOI Offres parues mars 2026 Cliquer sur une offre pour en afficher le contenu offre emploi Aide Soignant 2026-04202604_Offre d&#8217;emploi agent technique gestion des d\u00e9chets (1)Offre Agent de m\u00e9diation Mus\u00e9e duTri\u00e8vesOffre Aide-soignante de jour \u00e0 100%Offre d&#8217;emploi Responsable de biblioth\u00e8que MDCOffre d&#8217;emploi responsable administratif et financier-1Recrutement_ agent technique territorial (1)<\/p>\n","protected":false},"author":3,"featured_media":0,"parent":0,"menu_order":0,"comment_status":"closed","ping_status":"closed","template":"","meta":[],"_links":{"self":[{"href":"https:\/\/lalley.fr\/index.php\/wp-json\/wp\/v2\/pages\/3315"}],"collection":[{"href":"https:\/\/lalley.fr\/index.php\/wp-json\/wp\/v2\/pages"}],"about":[{"href":"https:\/\/lalley.fr\/index.php\/wp-json\/wp\/v2\/types\/page"}],"author":[{"embeddable":true,"href":"https:\/\/lalley.fr\/index.php\/wp-json\/wp\/v2\/users\/3"}],"replies":[{"embeddable":true,"href":"https:\/\/lalley.fr\/index.php\/wp-json\/wp\/v2\/comments?post=3315"}],"version-history":[{"count":247,"href":"https:\/\/lalley.fr\/index.php\/wp-json\/wp\/v2\/pages\/3315\/revisions"}],"predecessor-version":[{"id":7203,"href":"https:\/\/lalley.fr\/index.php\/wp-json\/wp\/v2\/pages\/3315\/revisions\/7203"}],"wp:attachment":[{"href":"https:\/\/lalley.fr\/index.php\/wp-json\/wp\/v2\/media?parent=3315"}],"curies":[{"name":"wp","href":"https:\/\/api.w.org\/{rel}","templated":true}]}}