{"id":2530,"date":"2020-12-08T12:26:01","date_gmt":"2020-12-08T11:26:01","guid":{"rendered":"https:\/\/lalley.fr\/?page_id=2530"},"modified":"2020-12-08T12:42:51","modified_gmt":"2020-12-08T11:42:51","slug":"mentions-legales","status":"publish","type":"page","link":"https:\/\/lalley.fr\/index.php\/mentions-legales\/","title":{"rendered":"Mentions l\u00e9gales"},"content":{"rendered":"\t\t<div data-elementor-type=\"wp-page\" data-elementor-id=\"2530\" class=\"elementor elementor-2530\" data-elementor-settings=\"[]\">\n\t\t\t\t\t\t<div class=\"elementor-inner\">\n\t\t\t\t\t\t\t<div class=\"elementor-section-wrap\">\n\t\t\t\t\t\t\t<section class=\"elementor-section elementor-top-section elementor-element elementor-element-d4bf64b elementor-section-boxed elementor-section-height-default elementor-section-height-default\" data-id=\"d4bf64b\" data-element_type=\"section\">\n\t\t\t\t\t\t<div class=\"elementor-container elementor-column-gap-default\">\n\t\t\t\t\t\t\t<div class=\"elementor-row\">\n\t\t\t\t\t<div class=\"elementor-column elementor-col-100 elementor-top-column elementor-element elementor-element-a5f6150\" data-id=\"a5f6150\" data-element_type=\"column\">\n\t\t\t<div class=\"elementor-column-wrap elementor-element-populated\">\n\t\t\t\t\t\t\t<div class=\"elementor-widget-wrap\">\n\t\t\t\t\t\t<div class=\"elementor-element elementor-element-649d1e2 elementor-widget elementor-widget-text-editor\" data-id=\"649d1e2\" data-element_type=\"widget\" data-widget_type=\"text-editor.default\">\n\t\t\t\t<div class=\"elementor-widget-container\">\n\t\t\t\t\t\t\t\t<div class=\"elementor-text-editor elementor-clearfix\">\n\t\t\t\t<p>Vous \u00eatres sur le site de la commune de LALLEY, g\u00e9r\u00e9 par la mairie. Il est r\u00e9alis\u00e9 \u00e0 l\u2019aide du logiciel libre de gestion de publication web\u00a0<a href=\"https:\/\/fr.wordpress.org\/\">WORDPRESS\u00a0<\/a>.<\/p><p><span style=\"font-weight: bold;\">Directeur de publication :<\/span><\/p><p style=\"padding-left: 40px;\"><em>M. le Maire Christian FIERRY-FRAILLON<br \/>Le village \u2013 38930 LALLEY<\/em><br \/><em>T\u00e9l.\u00a0: 04 76 34 70 39<\/em><br \/><em>mairiedelalley@wanadoo.fr<\/em><\/p><p><strong>R\u00e9daction :<\/strong><\/p><p style=\"padding-left: 40px;\"><em>Daniel ZAHM : d.zahm@lalley.fr<\/em><br \/><em>Jean-Fran\u00e7ois CLAUDE : jf.claude@lalley.fr<\/em><\/p><p><strong>H\u00e9bergeur :<\/strong><\/p><p style=\"padding-left: 40px;\"><em>OVH<\/em><br \/><em>Si\u00e8ge social : 2 rue Kellermann &#8211; 59100 Roubaix &#8211; France<\/em><\/p><p><strong>Cookies internes<\/strong><\/p><p style=\"padding-left: 40px;\"><em>Ces cookies permettent au site de fonctionner de mani\u00e8re optimale. En poursuivant votre navigation sur le site, nous consid\u00e9rerons que vous acceptez l&rsquo;utilisation des cookies n\u00e9cessaires au site pour fonctionner. Vous pouvez vous y opposer et les supprimer en utilisant les param\u00e8tres de votre navigateur, cependant votre exp\u00e9rience utilisateur risque d\u2019\u00eatre d\u00e9grad\u00e9e.<\/em><\/p><p style=\"padding-left: 40px;\"><em>Nous ne vous demanderons pas de donn\u00e9es personnelles, sauf lorsque vous utilisez le formulaire en page d&rsquo;accueil pour envoyer un message (nom et adresse m\u00e9l, \u00e9ventuellement num\u00e9ro de t\u00e9l\u00e9phone). Si vous ne voulez pas passer par ce formulaire, vous pouvez \u00e9galement envoyer un courriel \u00e0 <a href=\"mailto:d.zahm@lalley.fr\">d.zahm@lalley.fr<\/a> et <a href=\"mailto:jf.claude@lalley.fr\">jf.claude@lalley.fr<\/a> \u00e0 partir de votre application de messagerie habituelle.<\/em><\/p><p><em>\u00a0<\/em><\/p>\t\t\t\t\t<\/div>\n\t\t\t\t\t\t<\/div>\n\t\t\t\t<\/div>\n\t\t\t\t\t\t<\/div>\n\t\t\t\t\t<\/div>\n\t\t<\/div>\n\t\t\t\t\t\t\t\t<\/div>\n\t\t\t\t\t<\/div>\n\t\t<\/section>\n\t\t\t\t\t\t<\/div>\n\t\t\t\t\t\t<\/div>\n\t\t\t\t\t<\/div>\n\t\t","protected":false},"excerpt":{"rendered":"<p>Vous \u00eatres sur le site de la commune de LALLEY, g\u00e9r\u00e9 par la mairie. Il est r\u00e9alis\u00e9 \u00e0 l\u2019aide du logiciel libre de gestion de publication web\u00a0WORDPRESS\u00a0. Directeur de publication : M. le Maire Christian FIERRY-FRAILLONLe village \u2013 38930 LALLEYT\u00e9l.\u00a0: 04 76 34 70 39mairiedelalley@wanadoo.fr R\u00e9daction : Daniel ZAHM : d.zahm@lalley.frJean-Fran\u00e7ois CLAUDE : jf.claude@lalley.fr H\u00e9bergeur [&hellip;]<\/p>\n","protected":false},"author":3,"featured_media":0,"parent":0,"menu_order":0,"comment_status":"closed","ping_status":"closed","template":"","meta":[],"_links":{"self":[{"href":"https:\/\/lalley.fr\/index.php\/wp-json\/wp\/v2\/pages\/2530"}],"collection":[{"href":"https:\/\/lalley.fr\/index.php\/wp-json\/wp\/v2\/pages"}],"about":[{"href":"https:\/\/lalley.fr\/index.php\/wp-json\/wp\/v2\/types\/page"}],"author":[{"embeddable":true,"href":"https:\/\/lalley.fr\/index.php\/wp-json\/wp\/v2\/users\/3"}],"replies":[{"embeddable":true,"href":"https:\/\/lalley.fr\/index.php\/wp-json\/wp\/v2\/comments?post=2530"}],"version-history":[{"count":8,"href":"https:\/\/lalley.fr\/index.php\/wp-json\/wp\/v2\/pages\/2530\/revisions"}],"predecessor-version":[{"id":2546,"href":"https:\/\/lalley.fr\/index.php\/wp-json\/wp\/v2\/pages\/2530\/revisions\/2546"}],"wp:attachment":[{"href":"https:\/\/lalley.fr\/index.php\/wp-json\/wp\/v2\/media?parent=2530"}],"curies":[{"name":"wp","href":"https:\/\/api.w.org\/{rel}","templated":true}]}}